{"id":887,"date":"2026-04-13T10:41:42","date_gmt":"2026-04-13T01:41:42","guid":{"rendered":"https:\/\/ishigakimarui.com\/?page_id=887"},"modified":"2026-04-13T10:41:42","modified_gmt":"2026-04-13T01:41:42","slug":"%e3%82%ac%e3%82%b9%e3%83%a2%e3%83%90%e7%99%bb%e9%8c%b2%e7%94%a8web%e3%82%b3%e3%83%bc%e3%83%89%e7%94%b3%e8%ab%8b","status":"publish","type":"page","link":"https:\/\/ishigakimarui.com\/?page_id=887","title":{"rendered":"\u30ac\u30b9\u30e2\u30d0\u767b\u9332\u7528WEB\u30b3\u30fc\u30c9\u7533\u8acb"},"content":{"rendered":"<p><span class=\"line-orange\">\u30e1\u30fc\u30eb\u30d5\u30a9\u30fc\u30e0\u3092\u3054\u5229\u7528\u306b\u3042\u305f\u3063\u3066<\/span><\/p>\n<ul>\n<li>\u30e1\u30fc\u30eb\u306b\u3088\u308b\u304a\u554f\u3044\u5408\u308f\u305b\u3078\u306e\u3054\u56de\u7b54\u306b\u306f\u3001\u304a\u6642\u9593\u304c\u304b\u304b\u308b\u5834\u5408\u304c\u3054\u3056\u3044\u307e\u3059\u3002\u7dca\u6025\u3092\u8981\u3059\u308b\u5185\u5bb9\u306b\u3064\u304d\u307e\u3057\u3066\u306f\u30e1\u30fc\u30eb\u3067\u306f\u306a\u304f\u304a\u96fb\u8a71\u306b\u3066\u304a\u554f\u3044\u5408\u308f\u305b\u304f\u3060\u3055\u3044\u3002<\/li>\n<li>\u571f\u30fb\u65e5\u30fb\u795d\u65e5\u30fb\u5e74\u672b\u5e74\u59cb\u306e\u304a\u554f\u3044\u5408\u308f\u305b\u306b\u3064\u304d\u307e\u3057\u3066\u306f\u3001\u7fcc\u55b6\u696d\u65e5\u4ee5\u964d\u306b\u5bfe\u5fdc\u3055\u305b\u3066\u3044\u305f\u3060\u3044\u3066\u304a\u308a\u307e\u3059\u3002<\/li>\n<li>\u3054\u56de\u7b54\u3057\u305f\u5185\u5bb9\u306f\u304a\u554f\u3044\u5408\u308f\u305b\u3044\u305f\u3060\u3044\u305f\u304a\u5ba2\u3055\u307e\u500b\u4eba\u306b\u304a\u9001\u308a\u3059\u308b\u3082\u306e\u3067\u3059\u306e\u3067\u3001\u5f53\u793e\u306e\u8a31\u53ef\u306a\u304f\u56de\u7b54\u5185\u5bb9\u306e\u4e00\u90e8\u307e\u305f\u306f\u3059\u3079\u3066\u3092\u8ee2\u7528\u30fb\u4e8c\u6b21\u4f7f\u7528\u3059\u308b\u3053\u3068\u306f\u3054\u9060\u616e\u304f\u3060\u3055\u3044\u3002<\/li>\n<\/ul>\n\n\n<p><mark style=\"background-color:rgba(0, 0, 0, 0)\" class=\"has-inline-color has-vivid-red-color\">\u203b\u306f\u5fc5\u9808\u9805\u76ee\u3068\u306a\u308a\u307e\u3059\u306e\u3067\u3001\u5fc5\u305a\u3054\u8a18\u5165\u4e0b\u3055\u3044\u3002<br>\u643a\u5e2f\u96fb\u8a71\u306e\u30e1\u30fc\u30eb\u30a2\u30c9\u30ec\u30b9\u3092\u4f7f\u3063\u3066\u30d5\u30a9\u30fc\u30e0\u3092\u3054\u5229\u7528\u306e\u5834\u5408\u3001\u30c9\u30e1\u30a4\u30f3\u30d6\u30ed\u30c3\u30af\u89e3\u9664\u3092\u304a\u9858\u3044\u3057\u307e\u3059\u3002\u30c9\u30e1\u30a4\u30f3\u30d6\u30ed\u30c3\u30af\u89e3\u9664\u3092\u884c\u306a\u308f\u306a\u3044\u5834\u5408\u3001\u5f0a\u793e\u304b\u3089\u306e\u30e1\u30fc\u30eb\u304c\u53d7\u4fe1\u3067\u304d\u306a\u3044\u7b49\u3054\u4e0d\u4fbf\u3092\u304a\u639b\u3051\u3057\u307e\u3059\u306e\u3067\u3001\u3042\u3089\u304b\u3058\u3081\u8a2d\u5b9a\u306e\u4e0a\u3054\u5229\u7528\u304f\u3060\u3055\u3044\u3002<\/mark><\/p>\n\n\n\n<div class=\"wpcf7 no-js\" id=\"wpcf7-f886-o1\" lang=\"ja\" dir=\"ltr\" data-wpcf7-id=\"886\">\n<div class=\"screen-reader-response\"><p role=\"status\" aria-live=\"polite\" aria-atomic=\"true\"><\/p> <ul><\/ul><\/div>\n<form action=\"\/index.php?rest_route=%2Fwp%2Fv2%2Fpages%2F887#wpcf7-f886-o1\" method=\"post\" class=\"wpcf7-form init\" aria-label=\"\u30b3\u30f3\u30bf\u30af\u30c8\u30d5\u30a9\u30fc\u30e0\" novalidate=\"novalidate\" data-status=\"init\">\n<div style=\"display: none;\">\n<input type=\"hidden\" name=\"_wpcf7\" value=\"886\" \/>\n<input type=\"hidden\" name=\"_wpcf7_version\" value=\"6.0\" \/>\n<input type=\"hidden\" name=\"_wpcf7_locale\" value=\"ja\" \/>\n<input type=\"hidden\" name=\"_wpcf7_unit_tag\" value=\"wpcf7-f886-o1\" \/>\n<input type=\"hidden\" name=\"_wpcf7_container_post\" value=\"0\" \/>\n<input type=\"hidden\" name=\"_wpcf7_posted_data_hash\" value=\"\" \/>\n<input type=\"hidden\" name=\"_wpcf7_recaptcha_response\" value=\"\" \/>\n<\/div>\n<table class=\"CF7_table\">\n\t<tr>\n\t\t<th>\n\t\t\t<p><span class=\"CF7_req\">\u5fc5\u9808<\/span> \u5185\u5bb9\n\t\t\t<\/p>\n\t\t<\/th>\n\t\t<td>\n\t\t\t<p><span class=\"wpcf7-form-control-wrap\" data-name=\"checkbox-inq\"><span class=\"wpcf7-form-control wpcf7-checkbox wpcf7-validates-as-required\"><span class=\"wpcf7-list-item first last\"><input type=\"checkbox\" name=\"checkbox-inq[]\" value=\"WEB\u30b3\u30fc\u30c9\u7533\u8acb\" \/><span class=\"wpcf7-list-item-label\">WEB\u30b3\u30fc\u30c9\u7533\u8acb<\/span><\/span><\/span><\/span>\n\t\t\t<\/p>\n\t\t<\/td>\n\t<\/tr>\n\t<tr>\n\t\t<th>\n\t\t\t<p><span class=\"CF7_req\">\u5fc5\u9808<\/span> \u304a\u540d\u524d\n\t\t\t<\/p>\n\t\t<\/th>\n\t\t<td>\n\t\t\t<p><span class=\"wpcf7-form-control-wrap\" data-name=\"your-name\"><input size=\"40\" maxlength=\"400\" class=\"wpcf7-form-control wpcf7-text wpcf7-validates-as-required\" aria-required=\"true\" aria-invalid=\"false\" placeholder=\"\u4f8b\uff1a\u3042\u306a\u305f\u306e\u304a\u540d\u524d\" value=\"\" type=\"text\" name=\"your-name\" \/><\/span>\n\t\t\t<\/p>\n\t\t<\/td>\n\t<\/tr>\n\u3000\u3000\u3000\u3000\u3000\n\u3000\u3000\u3000\u3000\n\t<tr>\n\t\t<th>\n\t\t\t<p><span class=\"CF7_unreq\">\u4efb\u610f<\/span> \u304a\u5ba2\u3055\u307e\u30b3\u30fc\u30c9\n\t\t\t<\/p>\n\t\t<\/th>\n\t\t<td>\n\t\t\t<p><span class=\"wpcf7-form-control-wrap\" data-name=\"text-760\"><input size=\"40\" maxlength=\"400\" class=\"wpcf7-form-control wpcf7-text\" aria-invalid=\"false\" placeholder=\"\uff18\u6841\u306e\u6570\u5b57\" value=\"\" type=\"text\" name=\"text-760\" \/><\/span>\n\t\t\t<\/p>\n\t\t<\/td>\n\t<\/tr>\n\t<tr>\n\t\t<th>\n\t\t\t<p><span class=\"CF7_req\">\u5fc5\u9808<\/span> \u30e1\u30fc\u30eb\u30a2\u30c9\u30ec\u30b9\n\t\t\t<\/p>\n\t\t<\/th>\n\t\t<td>\n\t\t\t<p><span class=\"wpcf7-form-control-wrap\" data-name=\"your-email\"><input size=\"40\" maxlength=\"400\" class=\"wpcf7-form-control wpcf7-email wpcf7-validates-as-required wpcf7-text wpcf7-validates-as-email\" aria-required=\"true\" aria-invalid=\"false\" placeholder=\"\u4f8b\uff1a\u00d7\u00d7\u00d7@\u00d7\u00d7\u00d7.com\" value=\"\" type=\"email\" name=\"your-email\" \/><\/span>\n\t\t\t<\/p>\n\t\t<\/td>\n\t<\/tr>\n\t<tr>\n\t\t<th>\n\t\t\t<p><span class=\"CF7_unreq\">\u4efb\u610f<\/span>\u4f1a\u793e\u540d\n\t\t\t<\/p>\n\t\t<\/th>\n\t\t<td>\n\t\t\t<p><span class=\"wpcf7-form-control-wrap\" data-name=\"your-company\"><input size=\"40\" maxlength=\"400\" class=\"wpcf7-form-control wpcf7-text\" aria-invalid=\"false\" placeholder=\"\u4f8b\uff1a\u25ef\u25ef\u682a\u5f0f\u4f1a\u793e\" value=\"\" type=\"text\" name=\"your-company\" \/><\/span>\n\t\t\t<\/p>\n\t\t<\/td>\n\t<\/tr>\n\t<tr>\n\t\t<th>\n\t\t\t<p><span class=\"CF7_req\">\u5fc5\u9808<\/span>\u90f5\u4fbf\u756a\u53f7\n\t\t\t<\/p>\n\t\t<\/th>\n\t\t<td>\n\t\t\t<p><span class=\"wpcf7-form-control-wrap\" data-name=\"zip\"><input size=\"40\" maxlength=\"400\" class=\"wpcf7-form-control wpcf7-text wpcf7-validates-as-required\" id=\"zip\" aria-required=\"true\" aria-invalid=\"false\" placeholder=\"\u4f8b\uff1a123-4567\" value=\"\" type=\"text\" name=\"zip\" \/><\/span>\n\t\t\t<\/p>\n\t\t<\/td>\n\t<\/tr>\n\t<tr>\n\t\t<th>\n\t\t\t<p><span class=\"CF7_req\">\u5fc5\u9808<\/span>\u3054\u4f4f\u6240\n\t\t\t<\/p>\n\t\t<\/th>\n\t\t<td class=\"address-100\">\n\t\t\t<p><span class=\"wpcf7-form-control-wrap\" data-name=\"addr\"><input size=\"40\" maxlength=\"400\" class=\"wpcf7-form-control wpcf7-text wpcf7-validates-as-required\" id=\"addr\" aria-required=\"true\" aria-invalid=\"false\" placeholder=\"\u4f8b\uff1a\u6c96\u7e04\u770c\u77f3\u57a3\u5e02\" value=\"\" type=\"text\" name=\"addr\" \/><\/span>\n\t\t\t<\/p>\n\t\t<\/td>\n\t<\/tr>\n\t<tr>\n\t\t<th>\n\t\t\t<p><span class=\"CF7_req\">\u5fc5\u9808<\/span>\u304a\u96fb\u8a71\u756a\u53f7\n\t\t\t<\/p>\n\t\t<\/th>\n\t\t<td>\n\t\t\t<p><span class=\"wpcf7-form-control-wrap\" data-name=\"your-tel\"><input size=\"40\" maxlength=\"400\" class=\"wpcf7-form-control wpcf7-text wpcf7-validates-as-required\" aria-required=\"true\" aria-invalid=\"false\" placeholder=\"\u4f8b\uff1a03-1234-5678\" value=\"\" type=\"text\" name=\"your-tel\" \/><\/span>\n\t\t\t<\/p>\n\t\t<\/td>\n\t<\/tr>\n\t<tr>\n\t\t<th>\n\t\t\t<p><span class=\"CF7_unreq\">\u4efb\u610f<\/span>\u5099\u8003\u6b04\n\t\t\t<\/p>\n\t\t<\/th>\n\t\t<td class=\"message-100\">\n\t\t\t<p><span class=\"wpcf7-form-control-wrap\" data-name=\"your-message\"><textarea cols=\"40\" rows=\"10\" maxlength=\"2000\" class=\"wpcf7-form-control wpcf7-textarea wpcf7-validates-as-required\" aria-required=\"true\" aria-invalid=\"false\" placeholder=\"\u304a\u554f\u3044\u5408\u308f\u305b\u5185\u5bb9\u3092\u3054\u8a18\u5165\u304f\u3060\u3055\u3044\" name=\"your-message\"><\/textarea><\/span>\u3000\n\t\t\t<\/p>\n\t\t<\/td>\n\t<\/tr>\n<\/table>\n<div style=\"margin: 30px 0;\">\n\t<center>\n\t\t<p><small><span class=\"wpcf7-form-control-wrap\" data-name=\"accept-this-1\"><span class=\"wpcf7-form-control wpcf7-acceptance\"><span class=\"wpcf7-list-item\"><label><input type=\"checkbox\" name=\"accept-this-1\" value=\"1\" class=\"input2\" aria-invalid=\"false\" \/><span class=\"wpcf7-list-item-label\">\u30b9\u30d1\u30e0\u30e1\u30fc\u30eb\u9632\u6b62\u306e\u305f\u3081\u3001\u3053\u3061\u3089\u306e\u30dc\u30c3\u30af\u30b9\u306b\u30c1\u30a7\u30c3\u30af\u3092\u5165\u308c\u3066\u304b\u3089\u9001\u4fe1\u3057\u3066\u304f\u3060\u3055\u3044\u3002<\/span><\/label><\/span><\/span><\/span><\/small>\n\t\t<\/p>\n\t<\/center>\n\t<center>\n\t\t<p><span class=\"wpcf7-form-control-wrap\" data-name=\"checkbox-454\"><span class=\"wpcf7-form-control wpcf7-checkbox wpcf7-validates-as-required\"><span class=\"wpcf7-list-item first last\"><label><input type=\"checkbox\" name=\"checkbox-454[]\" value=\"\u5165\u529b\u3092\u78ba\u8a8d\u3057\u307e\u3057\u305f\u3002\" \/><span class=\"wpcf7-list-item-label\">\u5165\u529b\u3092\u78ba\u8a8d\u3057\u307e\u3057\u305f\u3002<\/span><\/label><\/span><\/span><\/span>\n\t\t<\/p>\n\t<\/center>\n\t<p class=\"CF7_btn\"><input class=\"wpcf7-form-control wpcf7-submit has-spinner\" type=\"submit\" value=\"\u4e0a\u8a18\u306e\u5185\u5bb9\u3067\u9001\u4fe1\u3059\u308b\" \/>\n\t<\/p>\n\t<p><script>\ndocument.addEventListener( 'wpcf7mailsent', function( event ) {\n location = 'https:\/\/ishigakimarui.com\/?page_id=682';\n}, false );\n<\/script>\n\t<\/p>\n\t<center>\n\t\t<p><small>\u3053\u306e\u30b5\u30a4\u30c8\u306freCAPTCHA\u306b\u3088\u3063\u3066\u4fdd\u8b77\u3055\u308c\u3066\u3044\u307e\u3059\u3002Google\u306e<a href=\"https:\/\/policies.google.com\/privacy\">\u30d7\u30e9\u30a4\u30d0\u30b7\u30fc\u30dd\u30ea\u30b7\u30fc<\/a>\u3068<a href=\"https:\/\/policies.google.com\/terms\">\u5229\u7528\u898f\u7d04<\/a>\u304c\u9069\u7528\u3055\u308c\u307e\u3059\u3002<\/small>\n\t\t<\/p>\n\t<\/center>\n<\/div>\n<div class=\"wpcf7-response-output\" aria-hidden=\"true\"><\/div>\n<\/form>\n<\/div>\n\n","protected":false},"excerpt":{"rendered":"<p>\u30e1\u30fc\u30eb\u30d5\u30a9\u30fc\u30e0\u3092\u3054\u5229\u7528\u306b\u3042\u305f\u3063\u3066 \u30e1\u30fc\u30eb\u306b\u3088\u308b\u304a\u554f\u3044\u5408\u308f\u305b\u3078\u306e\u3054\u56de\u7b54\u306b\u306f\u3001\u304a\u6642\u9593\u304c\u304b\u304b\u308b\u5834\u5408\u304c\u3054\u3056\u3044\u307e\u3059\u3002\u7dca\u6025\u3092\u8981\u3059\u308b\u5185\u5bb9\u306b\u3064\u304d\u307e\u3057\u3066\u306f\u30e1\u30fc\u30eb\u3067\u306f\u306a\u304f\u304a\u96fb\u8a71\u306b\u3066\u304a\u554f\u3044\u5408\u308f\u305b\u304f\u3060\u3055\u3044\u3002 \u571f\u30fb\u65e5\u30fb\u795d\u65e5\u30fb\u5e74\u672b\u5e74\u59cb\u306e\u304a\u554f\u3044\u5408\u308f\u305b [&hellip;]<\/p>\n","protected":false},"author":1,"featured_media":0,"parent":0,"menu_order":0,"comment_status":"closed","ping_status":"closed","template":"","meta":{"footnotes":""},"tags":[],"class_list":["post-887","page","type-page","status-publish"],"_links":{"self":[{"href":"https:\/\/ishigakimarui.com\/index.php?rest_route=\/wp\/v2\/pages\/887","targetHints":{"allow":["GET"]}}],"collection":[{"href":"https:\/\/ishigakimarui.com\/index.php?rest_route=\/wp\/v2\/pages"}],"about":[{"href":"https:\/\/ishigakimarui.com\/index.php?rest_route=\/wp\/v2\/types\/page"}],"author":[{"embeddable":true,"href":"https:\/\/ishigakimarui.com\/index.php?rest_route=\/wp\/v2\/users\/1"}],"replies":[{"embeddable":true,"href":"https:\/\/ishigakimarui.com\/index.php?rest_route=%2Fwp%2Fv2%2Fcomments&post=887"}],"version-history":[{"count":3,"href":"https:\/\/ishigakimarui.com\/index.php?rest_route=\/wp\/v2\/pages\/887\/revisions"}],"predecessor-version":[{"id":890,"href":"https:\/\/ishigakimarui.com\/index.php?rest_route=\/wp\/v2\/pages\/887\/revisions\/890"}],"wp:attachment":[{"href":"https:\/\/ishigakimarui.com\/index.php?rest_route=%2Fwp%2Fv2%2Fmedia&parent=887"}],"wp:term":[{"taxonomy":"post_tag","embeddable":true,"href":"https:\/\/ishigakimarui.com\/index.php?rest_route=%2Fwp%2Fv2%2Ftags&post=887"}],"curies":[{"name":"wp","href":"https:\/\/api.w.org\/{rel}","templated":true}]}}